{"id":78,"date":"2025-06-01T17:37:05","date_gmt":"2025-06-01T15:37:05","guid":{"rendered":"http:\/\/cycladesparticipations.fr\/?page_id=78"},"modified":"2025-06-01T18:51:48","modified_gmt":"2025-06-01T16:51:48","slug":"gouvernance","status":"publish","type":"page","link":"https:\/\/cycladesparticipations.fr\/?page_id=78","title":{"rendered":"Gouvernance"},"content":{"rendered":"\n<h2 class=\"wp-block-heading\"><mark style=\"background-color:#ff6900\" class=\"has-inline-color has-white-color\">Une structure robuste, pens\u00e9e pour durer<\/mark><\/h2>\n\n\n\n<p>Notre mod\u00e8le repose sur une\u00a0<strong>holding unique<\/strong>, d\u00e9tenant la majorit\u00e9 ou totalit\u00e9 des participations dans les marques m\u00e9dia du groupe. Elle assure la <strong>coh\u00e9rence<\/strong> strat\u00e9gique, la <strong>mutualisation<\/strong> des ressources et la <strong>stabilit\u00e9<\/strong> financi\u00e8re<\/p>\n\n\n\n<ul class=\"wp-block-list\">\n<li>SAS avec gouvernance encadr\u00e9e par pacte d\u2019associ\u00e9s<\/li>\n\n\n\n<li>Fondateurs pleinement impliqu\u00e9s dans l\u2019op\u00e9rationnel<\/li>\n\n\n\n<li>Possibilit\u00e9 d\u2019ouverture du capital \u00e0 des partenaires strat\u00e9giques<\/li>\n\n\n\n<li>Objectif : 3 \u00e0 5 marques m\u00e9dia int\u00e9gr\u00e9es \u00e0 horizon 18 mois<\/li>\n\n\n\n<li>Retour \u00e0 l\u2019\u00e9quilibre de chaque marque m\u00e9dia vis\u00e9 d\u00e8s l\u2019ann\u00e9e 2 gr\u00e2ce aux synergies<\/li>\n<\/ul>\n\n\n\n<p><\/p>\n","protected":false},"excerpt":{"rendered":"<p>Une structure robuste, pens\u00e9e pour durer Notre mod\u00e8le repose sur une\u00a0holding unique, d\u00e9tenant la majorit\u00e9 ou totalit\u00e9 des participations dans les marques m\u00e9dia du groupe. Elle assure la coh\u00e9rence strat\u00e9gique, la mutualisation des ressources et la stabilit\u00e9 financi\u00e8re<\/p>\n","protected":false},"author":1,"featured_media":0,"parent":0,"menu_order":0,"comment_status":"closed","ping_status":"closed","template":"","meta":{"footnotes":""},"class_list":["post-78","page","type-page","status-publish","hentry"],"_links":{"self":[{"href":"https:\/\/cycladesparticipations.fr\/index.php?rest_route=\/wp\/v2\/pages\/78","targetHints":{"allow":["GET"]}}],"collection":[{"href":"https:\/\/cycladesparticipations.fr\/index.php?rest_route=\/wp\/v2\/pages"}],"about":[{"href":"https:\/\/cycladesparticipations.fr\/index.php?rest_route=\/wp\/v2\/types\/page"}],"author":[{"embeddable":true,"href":"https:\/\/cycladesparticipations.fr\/index.php?rest_route=\/wp\/v2\/users\/1"}],"replies":[{"embeddable":true,"href":"https:\/\/cycladesparticipations.fr\/index.php?rest_route=%2Fwp%2Fv2%2Fcomments&post=78"}],"version-history":[{"count":3,"href":"https:\/\/cycladesparticipations.fr\/index.php?rest_route=\/wp\/v2\/pages\/78\/revisions"}],"predecessor-version":[{"id":109,"href":"https:\/\/cycladesparticipations.fr\/index.php?rest_route=\/wp\/v2\/pages\/78\/revisions\/109"}],"wp:attachment":[{"href":"https:\/\/cycladesparticipations.fr\/index.php?rest_route=%2Fwp%2Fv2%2Fmedia&parent=78"}],"curies":[{"name":"wp","href":"https:\/\/api.w.org\/{rel}","templated":true}]}}