{"id":75,"date":"2025-06-01T17:37:19","date_gmt":"2025-06-01T15:37:19","guid":{"rendered":"http:\/\/cycladesparticipations.fr\/?page_id=75"},"modified":"2025-06-01T18:42:01","modified_gmt":"2025-06-01T16:42:01","slug":"opportunites","status":"publish","type":"page","link":"https:\/\/cycladesparticipations.fr\/?page_id=75","title":{"rendered":"Opportunit\u00e9s"},"content":{"rendered":"\n<h2 class=\"wp-block-heading\"><mark style=\"background-color:#ff6900\" class=\"has-inline-color has-white-color\">Rejoignez le projet comme vous le souhaitez<\/mark><\/h2>\n\n\n\n<p>Vous \u00eates \u00c9diteur, Investisseur ou Partenaire ? Il y a une place pour vous dans l\u2019aventure<\/p>\n\n\n\n<h2 class=\"wp-block-heading\">\u00c9diteurs<\/h2>\n\n\n\n<p>Vous poss\u00e9dez un ou plusieurs sites \u00e9ditoriaux ?<\/p>\n\n\n\n<p>Nous vous offrons une solution de sortie professionnelle, rapide et responsable<\/p>\n\n\n\n<p><strong>Reprise possible des actifs, \u00e9quipes conserv\u00e9es si souhait\u00e9, p\u00e9rennisation du projet \u00e9ditorial<\/strong><\/p>\n\n\n\n<h2 class=\"wp-block-heading\">Investisseurs<\/h2>\n\n\n\n<p>Vous souhaitez miser sur un groupe en croissance, qui a su refondre le mod\u00e8le \u00e9conomique des m\u00e9dias traditionnels pour gagner en productivit\u00e9 et en faire de v\u00e9ritable marques ?<\/p>\n\n\n\n<p>Le projet ouvre ses portes \u00e0 des investisseurs partenaires, au niveau de la holding ou des filiales<\/p>\n\n\n\n<p><strong>Cadre juridique clair, retour sur cr\u00e9ation de valeur, transparence des d\u00e9cisions<\/strong><\/p>\n\n\n\n<h2 class=\"wp-block-heading\">Partenaires &amp; Annonceurs<\/h2>\n\n\n\n<p>Vous ciblez des audiences qualifi\u00e9es et engag\u00e9es ?<\/p>\n\n\n\n<p>Nous vous offrons un \u00e9cosyst\u00e8me \u00e9ditorial premium, bas\u00e9 sur la qualit\u00e9 de contenu, la fid\u00e9lit\u00e9 communautaire et la transparence publicitaire, mixant contenus \u00e9ditorialis\u00e9s, ciblages (affinitaires + contextuels) et reach communautaire<\/p>\n\n\n\n<p><strong>Contactez-nous pour imaginer ensemble vos futures campagnes et partenariats<\/strong><\/p>\n\n\n\n<p><\/p>\n","protected":false},"excerpt":{"rendered":"<p>Rejoignez le projet comme vous le souhaitez Vous \u00eates \u00c9diteur, Investisseur ou Partenaire ? Il y a une place pour vous dans l\u2019aventure \u00c9diteurs Vous poss\u00e9dez un ou plusieurs sites \u00e9ditoriaux ? Nous vous offrons une solution de sortie professionnelle, rapide et responsable Reprise possible des actifs, \u00e9quipes conserv\u00e9es si souhait\u00e9, p\u00e9rennisation du projet \u00e9ditorial [&hellip;]<\/p>\n","protected":false},"author":1,"featured_media":0,"parent":0,"menu_order":0,"comment_status":"closed","ping_status":"closed","template":"","meta":{"footnotes":""},"class_list":["post-75","page","type-page","status-publish","hentry"],"_links":{"self":[{"href":"https:\/\/cycladesparticipations.fr\/index.php?rest_route=\/wp\/v2\/pages\/75","targetHints":{"allow":["GET"]}}],"collection":[{"href":"https:\/\/cycladesparticipations.fr\/index.php?rest_route=\/wp\/v2\/pages"}],"about":[{"href":"https:\/\/cycladesparticipations.fr\/index.php?rest_route=\/wp\/v2\/types\/page"}],"author":[{"embeddable":true,"href":"https:\/\/cycladesparticipations.fr\/index.php?rest_route=\/wp\/v2\/users\/1"}],"replies":[{"embeddable":true,"href":"https:\/\/cycladesparticipations.fr\/index.php?rest_route=%2Fwp%2Fv2%2Fcomments&post=75"}],"version-history":[{"count":3,"href":"https:\/\/cycladesparticipations.fr\/index.php?rest_route=\/wp\/v2\/pages\/75\/revisions"}],"predecessor-version":[{"id":107,"href":"https:\/\/cycladesparticipations.fr\/index.php?rest_route=\/wp\/v2\/pages\/75\/revisions\/107"}],"wp:attachment":[{"href":"https:\/\/cycladesparticipations.fr\/index.php?rest_route=%2Fwp%2Fv2%2Fmedia&parent=75"}],"curies":[{"name":"wp","href":"https:\/\/api.w.org\/{rel}","templated":true}]}}