{"id":68,"date":"2025-06-01T17:23:50","date_gmt":"2025-06-01T15:23:50","guid":{"rendered":"http:\/\/cycladesparticipations.fr\/?page_id=68"},"modified":"2025-06-01T18:21:30","modified_gmt":"2025-06-01T16:21:30","slug":"strategie","status":"publish","type":"page","link":"https:\/\/cycladesparticipations.fr\/?page_id=68","title":{"rendered":"Strat\u00e9gie"},"content":{"rendered":"\n<h2 class=\"wp-block-heading\"><mark style=\"background-color:#ff6900\" class=\"has-inline-color has-white-color\">Une m\u00e9thode claire, orient\u00e9e r\u00e9sultats<\/mark><\/h2>\n\n\n\n<p>Nous construisons un groupe p\u00e9renne en mutualisant les forces et en lib\u00e9rant les \u00e9nergies \u00e9ditoriales, autour de 4 piliers structurants :<\/p>\n\n\n\n<h2 class=\"wp-block-heading\">1\/ Ciblage strat\u00e9gique<\/h2>\n\n\n\n<p>Nous identifions des sites sous-performants, \u00e0 forte image et\/ou audience historique ou dot\u00e9s d\u2019un ancrage communautaire solide. <\/p>\n\n\n\n<p><mark style=\"background-color:#ffffff\" class=\"has-inline-color has-black-color\"><strong>Reprise d<\/strong>&lsquo;<strong>actifs \u00e9ditoriaux \u00e0 fort potentiel de relance<\/strong><\/mark><\/p>\n\n\n\n<h2 class=\"wp-block-heading\">2\/ Relance \u00e9ditoriale<\/h2>\n\n\n\n<p>Chaque marque b\u00e9n\u00e9ficie d\u2019un plan de redynamisation sur mesure : ligne \u00e9ditoriale recentr\u00e9e, nouveau rythme de publication, mise \u00e0 niveau SEO\/social. <\/p>\n\n\n\n<p><strong>Pilotage par une \u00e9quipe d\u00e9di\u00e9e<\/strong><\/p>\n\n\n\n<h2 class=\"wp-block-heading\">3\/ Centralisation des fonctions support<\/h2>\n\n\n\n<p>Les fonctions non strat\u00e9giques sont mutualis\u00e9es au niveau de la holding : technologie, h\u00e9bergement, comptabilit\u00e9, juridique, ressources humaines, partenariats.<\/p>\n\n\n\n<p><strong>Ma\u00eetrise de la strat\u00e9gie et des co\u00fbts<\/strong><\/p>\n\n\n\n<h2 class=\"wp-block-heading\">4\/ Croissance ma\u00eetris\u00e9e<\/h2>\n\n\n\n<p>Le groupe \u00e9volue par int\u00e9grations successives, avec possibilit\u00e9 d\u2019associer des investisseurs minoritaires \u00e0 certaines filiales. <\/p>\n\n\n\n<p><strong>Approche modulaire et scalable<\/strong><\/p>\n\n\n\n<p><\/p>\n","protected":false},"excerpt":{"rendered":"<p>Une m\u00e9thode claire, orient\u00e9e r\u00e9sultats Nous construisons un groupe p\u00e9renne en mutualisant les forces et en lib\u00e9rant les \u00e9nergies \u00e9ditoriales, autour de 4 piliers structurants : 1\/ Ciblage strat\u00e9gique Nous identifions des sites sous-performants, \u00e0 forte image et\/ou audience historique ou dot\u00e9s d\u2019un ancrage communautaire solide. Reprise d&lsquo;actifs \u00e9ditoriaux \u00e0 fort potentiel de relance 2\/ [&hellip;]<\/p>\n","protected":false},"author":1,"featured_media":0,"parent":0,"menu_order":0,"comment_status":"closed","ping_status":"closed","template":"","meta":{"footnotes":""},"class_list":["post-68","page","type-page","status-publish","hentry"],"_links":{"self":[{"href":"https:\/\/cycladesparticipations.fr\/index.php?rest_route=\/wp\/v2\/pages\/68","targetHints":{"allow":["GET"]}}],"collection":[{"href":"https:\/\/cycladesparticipations.fr\/index.php?rest_route=\/wp\/v2\/pages"}],"about":[{"href":"https:\/\/cycladesparticipations.fr\/index.php?rest_route=\/wp\/v2\/types\/page"}],"author":[{"embeddable":true,"href":"https:\/\/cycladesparticipations.fr\/index.php?rest_route=\/wp\/v2\/users\/1"}],"replies":[{"embeddable":true,"href":"https:\/\/cycladesparticipations.fr\/index.php?rest_route=%2Fwp%2Fv2%2Fcomments&post=68"}],"version-history":[{"count":9,"href":"https:\/\/cycladesparticipations.fr\/index.php?rest_route=\/wp\/v2\/pages\/68\/revisions"}],"predecessor-version":[{"id":104,"href":"https:\/\/cycladesparticipations.fr\/index.php?rest_route=\/wp\/v2\/pages\/68\/revisions\/104"}],"wp:attachment":[{"href":"https:\/\/cycladesparticipations.fr\/index.php?rest_route=%2Fwp%2Fv2%2Fmedia&parent=68"}],"curies":[{"name":"wp","href":"https:\/\/api.w.org\/{rel}","templated":true}]}}