{"id":67,"date":"2025-06-01T17:23:50","date_gmt":"2025-06-01T15:23:50","guid":{"rendered":"http:\/\/cycladesparticipations.fr\/?page_id=67"},"modified":"2025-06-01T18:22:07","modified_gmt":"2025-06-01T16:22:07","slug":"vision","status":"publish","type":"page","link":"https:\/\/cycladesparticipations.fr\/?page_id=67","title":{"rendered":"Vision"},"content":{"rendered":"\n<h2 class=\"wp-block-heading\"><mark style=\"background-color:#ff6900\" class=\"has-inline-color has-white-color\">Faire rena\u00eetre des marques m\u00e9dia \u00e0 fort potentiel<\/mark><\/h2>\n\n\n\n<p>Nous lan\u00e7ons un groupe m\u00e9dia ind\u00e9pendant, agile et ambitieux, capable de&nbsp;<strong>racheter, relancer et d\u00e9velopper<\/strong>&nbsp;des sites \u00e9ditoriaux en perte de vitesse, mais riches d\u2019un ADN fort, d\u2019une audience fid\u00e8le ou d\u2019un potentiel communautaire inexploit\u00e9<br>Notre <strong>promesse<\/strong> : <strong>redonner de la valeur<\/strong> \u00e0 des marques en difficult\u00e9 tout en b\u00e2tissant un <strong>mod\u00e8le \u00e9conomique durable<\/strong><\/p>\n\n\n\n<blockquote class=\"wp-block-quote is-layout-flow wp-block-quote-is-layout-flow\">\n<p><strong>\u00c9diteurs<\/strong>, vous avez un site \u00e0 vendre ? <\/p>\n\n\n\n<div class=\"wp-block-buttons is-layout-flex wp-block-buttons-is-layout-flex\">\n<div class=\"wp-block-button\"><a class=\"wp-block-button__link wp-element-button\"><strong><mark style=\"background-color:rgba(0, 0, 0, 0)\" class=\"has-inline-color has-white-color\">Contactez-nous<\/mark><\/strong><\/a><\/div>\n<\/div>\n<\/blockquote>\n\n\n\n<blockquote class=\"wp-block-quote is-layout-flow wp-block-quote-is-layout-flow\">\n<p><strong>Investisseurs<\/strong>, vous souhaitez souhaitez accompagner notre d\u00e9veloppement et b\u00e9n\u00e9ficier d&rsquo;un rendement attractif ?<\/p>\n\n\n\n<div class=\"wp-block-buttons is-layout-flex wp-block-buttons-is-layout-flex\">\n<div class=\"wp-block-button\"><a class=\"wp-block-button__link wp-element-button\"><strong><mark style=\"background-color:rgba(0, 0, 0, 0)\" class=\"has-inline-color has-white-color\">\u00c9changeons<\/mark><\/strong><\/a><\/div>\n<\/div>\n<\/blockquote>\n\n\n\n<p><\/p>\n","protected":false},"excerpt":{"rendered":"<p>Faire rena\u00eetre des marques m\u00e9dia \u00e0 fort potentiel Nous lan\u00e7ons un groupe m\u00e9dia ind\u00e9pendant, agile et ambitieux, capable de&nbsp;racheter, relancer et d\u00e9velopper&nbsp;des sites \u00e9ditoriaux en perte de vitesse, mais riches d\u2019un ADN fort, d\u2019une audience fid\u00e8le ou d\u2019un potentiel communautaire inexploit\u00e9Notre promesse : redonner de la valeur \u00e0 des marques en difficult\u00e9 tout en b\u00e2tissant [&hellip;]<\/p>\n","protected":false},"author":1,"featured_media":0,"parent":0,"menu_order":0,"comment_status":"closed","ping_status":"closed","template":"","meta":{"footnotes":""},"class_list":["post-67","page","type-page","status-publish","hentry"],"_links":{"self":[{"href":"https:\/\/cycladesparticipations.fr\/index.php?rest_route=\/wp\/v2\/pages\/67","targetHints":{"allow":["GET"]}}],"collection":[{"href":"https:\/\/cycladesparticipations.fr\/index.php?rest_route=\/wp\/v2\/pages"}],"about":[{"href":"https:\/\/cycladesparticipations.fr\/index.php?rest_route=\/wp\/v2\/types\/page"}],"author":[{"embeddable":true,"href":"https:\/\/cycladesparticipations.fr\/index.php?rest_route=\/wp\/v2\/users\/1"}],"replies":[{"embeddable":true,"href":"https:\/\/cycladesparticipations.fr\/index.php?rest_route=%2Fwp%2Fv2%2Fcomments&post=67"}],"version-history":[{"count":6,"href":"https:\/\/cycladesparticipations.fr\/index.php?rest_route=\/wp\/v2\/pages\/67\/revisions"}],"predecessor-version":[{"id":105,"href":"https:\/\/cycladesparticipations.fr\/index.php?rest_route=\/wp\/v2\/pages\/67\/revisions\/105"}],"wp:attachment":[{"href":"https:\/\/cycladesparticipations.fr\/index.php?rest_route=%2Fwp%2Fv2%2Fmedia&parent=67"}],"curies":[{"name":"wp","href":"https:\/\/api.w.org\/{rel}","templated":true}]}}