{"id":2,"date":"2025-05-31T16:32:35","date_gmt":"2025-05-31T14:32:35","guid":{"rendered":"http:\/\/cycladesparticipations.fr\/?page_id=2"},"modified":"2025-08-06T23:10:20","modified_gmt":"2025-08-06T21:10:20","slug":"page-d-exemple","status":"publish","type":"page","link":"https:\/\/cycladesparticipations.fr\/","title":{"rendered":"Investir, relancer, valoriser&#8230;"},"content":{"rendered":"\n<p>Nous b\u00e2tissons un groupe m\u00e9dia ind\u00e9pendant autour de marques \u00e9ditoriales affinitaires, avec une approche agile, mutualis\u00e9e et centr\u00e9e sur la valeur<\/p>\n\n\n\n<figure class=\"wp-block-gallery has-nested-images columns-default is-cropped wp-block-gallery-1 is-layout-flex wp-block-gallery-is-layout-flex\">\n<figure class=\"wp-block-image size-large\"><img fetchpriority=\"high\" decoding=\"async\" width=\"1024\" height=\"681\" data-id=\"40\" src=\"http:\/\/cycladesparticipations.fr\/wp-content\/uploads\/2025\/06\/Cyclades-vue-mer-1024x681.jpg\" alt=\"\" class=\"wp-image-40\" srcset=\"https:\/\/cycladesparticipations.fr\/wp-content\/uploads\/2025\/06\/Cyclades-vue-mer-1024x681.jpg 1024w, https:\/\/cycladesparticipations.fr\/wp-content\/uploads\/2025\/06\/Cyclades-vue-mer-300x200.jpg 300w, https:\/\/cycladesparticipations.fr\/wp-content\/uploads\/2025\/06\/Cyclades-vue-mer-768x511.jpg 768w, https:\/\/cycladesparticipations.fr\/wp-content\/uploads\/2025\/06\/Cyclades-vue-mer.jpg 1084w\" sizes=\"(max-width: 1024px) 100vw, 1024px\" \/><\/figure>\n<\/figure>\n\n\n\n<blockquote class=\"wp-block-quote is-layout-flow wp-block-quote-is-layout-flow\">\n<p><\/p>\n<\/blockquote>\n\n\n\n<h2 class=\"wp-block-heading\"><mark style=\"background-color:#8ed1fc\" class=\"has-inline-color\">Vision &amp; Mission<\/mark><\/h2>\n\n\n\n<blockquote class=\"wp-block-quote is-layout-flow wp-block-quote-is-layout-flow\">\n<p>Faire rena\u00eetre des Marques m\u00e9dia fortes et identitaires<\/p>\n\n\n\n<p>Reprendre des sites \u00e9ditoriaux \u00e0 fort potentiel, les relancer avec des \u00e9quipes d\u00e9di\u00e9es et construire un groupe structur\u00e9, rentable et durable.<br>Nous croyons en la puissance de contenus de qualit\u00e9, port\u00e9s par une strat\u00e9gie claire, une utilisation raisonn\u00e9e de la technologie dans le cadre d&rsquo;une synergie des moyens et une gouvernance engag\u00e9e<\/p>\n<\/blockquote>\n\n\n\n<h2 class=\"wp-block-heading\"><mark style=\"background-color:#8ed1fc\" class=\"has-inline-color\">M\u00e9thode<\/mark><\/h2>\n\n\n\n<p>Une approche de relance fond\u00e9e sur la qualit\u00e9 de contenus en affinit\u00e9 avec les audiences, la productivit\u00e9 par la techno et la mutualisation des moyens<\/p>\n\n\n\n<ul class=\"wp-block-list\">\n<li><strong>Ciblage pr\u00e9cis<\/strong>&nbsp;: sites \u00e0 fort potentiel \u00e9ditorial ou communautaire<\/li>\n\n\n\n<li><strong>Relance sur mesure<\/strong>&nbsp;: ligne \u00e9ditoriale, \u00e9quipe produit et audience<\/li>\n\n\n\n<li><strong>Mutualisation<\/strong>&nbsp;: marketing, tech, juridique, mon\u00e9tisation, RH centralis\u00e9s<\/li>\n\n\n\n<li><strong>Croissance progressive<\/strong>&nbsp;: int\u00e9gration de 3 \u00e0 5 sites \u00e0 forte identit\u00e9 d&rsquo;ici fin 2026<\/li>\n<\/ul>\n\n\n\n<h2 class=\"wp-block-heading\"><mark style=\"background-color:#8ed1fc\" class=\"has-inline-color\">Opportunit\u00e9 unique<\/mark><\/h2>\n\n\n\n<p>Vous avez un site \u00e0 c\u00e9der ou souhaitez investir pour accompagner notre croissance ?<\/p>\n\n\n\n<p><strong>\u00c9diteurs de site<\/strong><\/p>\n\n\n\n<blockquote class=\"wp-block-quote is-layout-flow wp-block-quote-is-layout-flow\">\n<p>Confiez votre projet \u00e0 une \u00e9quipe exp\u00e9riment\u00e9e, respectueuse de votre audience et de vos engagements<\/p>\n<\/blockquote>\n\n\n\n<p><strong>Investisseurs &amp; partenaires<\/strong><\/p>\n\n\n\n<blockquote class=\"wp-block-quote is-layout-flow wp-block-quote-is-layout-flow\">\n<p>Rejoignez une aventure m\u00e9dia ambitieuse, structur\u00e9e, et ouverte aux apports strat\u00e9giques<\/p>\n<\/blockquote>\n\n\n\n<h2 class=\"wp-block-heading\"><mark style=\"background-color:#8ed1fc\" class=\"has-inline-color\">Structure solide<\/mark><\/h2>\n\n\n\n<p>Un projet port\u00e9 par des fondateurs impliqu\u00e9s<\/p>\n\n\n\n<p>Holding sous forme de SAS, gouvernance transparente, pacte d\u2019associ\u00e9s clair.<br>Fonctions support centralis\u00e9es, d\u00e9cisions rapides et align\u00e9es sur la cr\u00e9ation de valeur.<\/p>\n\n\n\n<h2 class=\"wp-block-heading\"><mark style=\"background-color:#8ed1fc\" class=\"has-inline-color has-black-color\">Votre projet<\/mark><\/h2>\n\n\n\n<p><mark style=\"background-color:#ffffff\" class=\"has-inline-color has-contrast-color\">Vous avez un site \u00e0 transmettre ? Vous souhaitez recevoir notre note strat\u00e9gique ou nous rencontrer ?<\/mark><\/p>\n\n\n\n<p><mark style=\"background-color:#8ed1fc\" class=\"has-inline-color\">contact@cycladesparticipations.fr <\/mark><\/p>\n\n\n\n<figure class=\"wp-block-image size-large\"><img decoding=\"async\" width=\"1024\" height=\"683\" src=\"http:\/\/cycladesparticipations.fr\/wp-content\/uploads\/2025\/06\/young-cheerful-people-having-fun-together-1024x683.jpg\" alt=\"\" class=\"wp-image-114\" srcset=\"https:\/\/cycladesparticipations.fr\/wp-content\/uploads\/2025\/06\/young-cheerful-people-having-fun-together-1024x683.jpg 1024w, https:\/\/cycladesparticipations.fr\/wp-content\/uploads\/2025\/06\/young-cheerful-people-having-fun-together-300x200.jpg 300w, https:\/\/cycladesparticipations.fr\/wp-content\/uploads\/2025\/06\/young-cheerful-people-having-fun-together-768x513.jpg 768w, https:\/\/cycladesparticipations.fr\/wp-content\/uploads\/2025\/06\/young-cheerful-people-having-fun-together-1536x1025.jpg 1536w\" sizes=\"(max-width: 1024px) 100vw, 1024px\" \/><figcaption class=\"wp-element-caption\">Friends looking at tablet and checking news<\/figcaption><\/figure>\n\n\n\n<figure class=\"wp-block-image size-large\"><img decoding=\"async\" width=\"1024\" height=\"683\" src=\"http:\/\/cycladesparticipations.fr\/wp-content\/uploads\/2025\/06\/Capture-decran-2025-06-01-a-07.00.00-1024x683.png\" alt=\"\" class=\"wp-image-46\" srcset=\"https:\/\/cycladesparticipations.fr\/wp-content\/uploads\/2025\/06\/Capture-decran-2025-06-01-a-07.00.00-1024x683.png 1024w, https:\/\/cycladesparticipations.fr\/wp-content\/uploads\/2025\/06\/Capture-decran-2025-06-01-a-07.00.00-300x200.png 300w, https:\/\/cycladesparticipations.fr\/wp-content\/uploads\/2025\/06\/Capture-decran-2025-06-01-a-07.00.00-768x512.png 768w, https:\/\/cycladesparticipations.fr\/wp-content\/uploads\/2025\/06\/Capture-decran-2025-06-01-a-07.00.00-1536x1024.png 1536w, https:\/\/cycladesparticipations.fr\/wp-content\/uploads\/2025\/06\/Capture-decran-2025-06-01-a-07.00.00.png 1608w\" sizes=\"(max-width: 1024px) 100vw, 1024px\" \/><\/figure>\n","protected":false},"excerpt":{"rendered":"<p>Nous b\u00e2tissons un groupe m\u00e9dia ind\u00e9pendant autour de marques \u00e9ditoriales affinitaires, avec une approche agile, mutualis\u00e9e et centr\u00e9e sur la valeur Vision &amp; Mission Faire rena\u00eetre des Marques m\u00e9dia fortes et identitaires Reprendre des sites \u00e9ditoriaux \u00e0 fort potentiel, les relancer avec des \u00e9quipes d\u00e9di\u00e9es et construire un groupe structur\u00e9, rentable et durable.Nous croyons en [&hellip;]<\/p>\n","protected":false},"author":1,"featured_media":0,"parent":0,"menu_order":0,"comment_status":"closed","ping_status":"open","template":"","meta":{"footnotes":""},"class_list":["post-2","page","type-page","status-publish","hentry"],"_links":{"self":[{"href":"https:\/\/cycladesparticipations.fr\/index.php?rest_route=\/wp\/v2\/pages\/2","targetHints":{"allow":["GET"]}}],"collection":[{"href":"https:\/\/cycladesparticipations.fr\/index.php?rest_route=\/wp\/v2\/pages"}],"about":[{"href":"https:\/\/cycladesparticipations.fr\/index.php?rest_route=\/wp\/v2\/types\/page"}],"author":[{"embeddable":true,"href":"https:\/\/cycladesparticipations.fr\/index.php?rest_route=\/wp\/v2\/users\/1"}],"replies":[{"embeddable":true,"href":"https:\/\/cycladesparticipations.fr\/index.php?rest_route=%2Fwp%2Fv2%2Fcomments&post=2"}],"version-history":[{"count":21,"href":"https:\/\/cycladesparticipations.fr\/index.php?rest_route=\/wp\/v2\/pages\/2\/revisions"}],"predecessor-version":[{"id":154,"href":"https:\/\/cycladesparticipations.fr\/index.php?rest_route=\/wp\/v2\/pages\/2\/revisions\/154"}],"wp:attachment":[{"href":"https:\/\/cycladesparticipations.fr\/index.php?rest_route=%2Fwp%2Fv2%2Fmedia&parent=2"}],"curies":[{"name":"wp","href":"https:\/\/api.w.org\/{rel}","templated":true}]}}